{"id":18,"date":"2020-04-10T13:06:04","date_gmt":"2020-04-10T11:06:04","guid":{"rendered":"http:\/\/www.technikputz.at\/?page_id=18"},"modified":"2020-04-10T14:04:15","modified_gmt":"2020-04-10T12:04:15","slug":"ueber-uns","status":"publish","type":"page","link":"http:\/\/www.technikputz.at\/?page_id=18","title":{"rendered":"\u00dcber uns"},"content":{"rendered":"\n<p>Wir sind ein seit 2010 t\u00e4tiges Unternehmen welches auf Verputz und D\u00e4mmarbeiten spezialisiert ist &#8211; Unser motiviertes Team gibt t\u00e4glich das beste um die hohen Qualit\u00e4tsanspr\u00fcche zu erf\u00fcllen<\/p>\n\n\n\n<p>Falls Sie Anfragen haben z\u00f6gern Sie nicht uns zu kontaktieren<\/p>\n","protected":false},"excerpt":{"rendered":"<p>Wir sind ein seit 2010 t\u00e4tiges Unternehmen welches auf Verputz und D\u00e4mmarbeiten spezialisiert ist &#8211; Unser motiviertes Team gibt t\u00e4glich das beste um die hohen Qualit\u00e4tsanspr\u00fcche zu erf\u00fcllen Falls Sie Anfragen haben z\u00f6gern Sie nicht uns zu kontaktieren<\/p>\n","protected":false},"author":1,"featured_media":28,"parent":0,"menu_order":0,"comment_status":"closed","ping_status":"closed","template":"","meta":{"footnotes":""},"_links":{"self":[{"href":"http:\/\/www.technikputz.at\/index.php?rest_route=\/wp\/v2\/pages\/18"}],"collection":[{"href":"http:\/\/www.technikputz.at\/index.php?rest_route=\/wp\/v2\/pages"}],"about":[{"href":"http:\/\/www.technikputz.at\/index.php?rest_route=\/wp\/v2\/types\/page"}],"author":[{"embeddable":true,"href":"http:\/\/www.technikputz.at\/index.php?rest_route=\/wp\/v2\/users\/1"}],"replies":[{"embeddable":true,"href":"http:\/\/www.technikputz.at\/index.php?rest_route=%2Fwp%2Fv2%2Fcomments&post=18"}],"version-history":[{"count":3,"href":"http:\/\/www.technikputz.at\/index.php?rest_route=\/wp\/v2\/pages\/18\/revisions"}],"predecessor-version":[{"id":67,"href":"http:\/\/www.technikputz.at\/index.php?rest_route=\/wp\/v2\/pages\/18\/revisions\/67"}],"wp:featuredmedia":[{"embeddable":true,"href":"http:\/\/www.technikputz.at\/index.php?rest_route=\/wp\/v2\/media\/28"}],"wp:attachment":[{"href":"http:\/\/www.technikputz.at\/index.php?rest_route=%2Fwp%2Fv2%2Fmedia&parent=18"}],"curies":[{"name":"wp","href":"https:\/\/api.w.org\/{rel}","templated":true}]}}